{"id":421,"date":"2023-06-28T11:59:23","date_gmt":"2023-06-28T11:59:23","guid":{"rendered":"https:\/\/marbo-bled.si\/wordpress\/?page_id=421"},"modified":"2023-06-29T06:09:20","modified_gmt":"2023-06-29T06:09:20","slug":"koncna-sestava","status":"publish","type":"page","link":"https:\/\/marbo-bled.si\/wordpress\/koncna-sestava\/","title":{"rendered":"Kon\u010dna sestava"},"content":{"rendered":"\t\t<div data-elementor-type=\"wp-page\" data-elementor-id=\"421\" class=\"elementor elementor-421\">\n\t\t\t\t\t\t\t\t\t<section class=\"elementor-section elementor-top-section elementor-element elementor-element-1535908 elementor-section-boxed elementor-section-height-default elementor-section-height-default\" data-id=\"1535908\" data-element_type=\"section\">\n\t\t\t\t\t\t<div class=\"elementor-container elementor-column-gap-default\">\n\t\t\t\t\t<div class=\"elementor-column elementor-col-100 elementor-top-column elementor-element elementor-element-2d17da8\" data-id=\"2d17da8\" data-element_type=\"column\">\n\t\t\t<div class=\"elementor-widget-wrap elementor-element-populated\">\n\t\t\t\t\t\t\t\t<div class=\"elementor-element elementor-element-c6fa3e6 elementor-widget elementor-widget-image\" data-id=\"c6fa3e6\" data-element_type=\"widget\" data-widget_type=\"image.default\">\n\t\t\t\t<div class=\"elementor-widget-container\">\n\t\t\t\t\t\t\t\t\t\t\t\t\t\t\t<img decoding=\"async\" loading=\"lazy\" width=\"770\" height=\"473\" src=\"https:\/\/marbo-bled.si\/wordpress\/wp-content\/uploads\/2023\/06\/vijacenje.jpg\" class=\"attachment-large size-large wp-image-434\" alt=\"vijacenje, koncna monta\u017ea\" srcset=\"https:\/\/marbo-bled.si\/wordpress\/wp-content\/uploads\/2023\/06\/vijacenje.jpg 770w, https:\/\/marbo-bled.si\/wordpress\/wp-content\/uploads\/2023\/06\/vijacenje-300x184.jpg 300w, https:\/\/marbo-bled.si\/wordpress\/wp-content\/uploads\/2023\/06\/vijacenje-768x472.jpg 768w\" sizes=\"(max-width: 770px) 100vw, 770px\" \/>\t\t\t\t\t\t\t\t\t\t\t\t\t\t\t<\/div>\n\t\t\t\t<\/div>\n\t\t\t\t\t<\/div>\n\t\t<\/div>\n\t\t\t\t\t\t\t<\/div>\n\t\t<\/section>\n\t\t\t\t<section class=\"elementor-section elementor-top-section elementor-element elementor-element-d3009f2 elementor-section-boxed elementor-section-height-default elementor-section-height-default\" data-id=\"d3009f2\" data-element_type=\"section\">\n\t\t\t\t\t\t<div class=\"elementor-container elementor-column-gap-default\">\n\t\t\t\t\t<div class=\"elementor-column elementor-col-100 elementor-top-column elementor-element elementor-element-cee622a\" data-id=\"cee622a\" data-element_type=\"column\">\n\t\t\t<div class=\"elementor-widget-wrap elementor-element-populated\">\n\t\t\t\t\t\t\t\t<div class=\"elementor-element elementor-element-1e2cf39 elementor-widget elementor-widget-text-editor\" data-id=\"1e2cf39\" data-element_type=\"widget\" data-widget_type=\"text-editor.default\">\n\t\t\t\t<div class=\"elementor-widget-container\">\n\t\t\t\t\t\t\t<p>Izvajamo tudi kon\u010dno sestavo izdelkov iz plo\u010devine<\/p><p>&#8211; dobavljamo in montiramo <b>zapirala, tesnila, klju\u010davnice<\/b><\/p><p>&#8211; vtiskovanje vtisnih (<b>razpornih<\/b>) matic<\/p><p>&#8211; kovi\u010denje<\/p><p>\u00a0<\/p>\t\t\t\t\t\t<\/div>\n\t\t\t\t<\/div>\n\t\t\t\t\t<\/div>\n\t\t<\/div>\n\t\t\t\t\t\t\t<\/div>\n\t\t<\/section>\n\t\t\t\t\t\t\t<\/div>\n\t\t","protected":false},"excerpt":{"rendered":"<p>Izvajamo tudi kon\u010dno sestavo izdelkov iz plo\u010devine &#8211; dobavljamo in montiramo zapirala, tesnila, klju\u010davnice &#8211; vtiskovanje vtisnih (razpornih) matic &#8211; kovi\u010denje \u00a0<\/p>\n","protected":false},"author":1,"featured_media":0,"parent":0,"menu_order":0,"comment_status":"closed","ping_status":"closed","template":"","meta":{"ngg_post_thumbnail":0,"footnotes":""},"_links":{"self":[{"href":"https:\/\/marbo-bled.si\/wordpress\/wp-json\/wp\/v2\/pages\/421"}],"collection":[{"href":"https:\/\/marbo-bled.si\/wordpress\/wp-json\/wp\/v2\/pages"}],"about":[{"href":"https:\/\/marbo-bled.si\/wordpress\/wp-json\/wp\/v2\/types\/page"}],"author":[{"embeddable":true,"href":"https:\/\/marbo-bled.si\/wordpress\/wp-json\/wp\/v2\/users\/1"}],"replies":[{"embeddable":true,"href":"https:\/\/marbo-bled.si\/wordpress\/wp-json\/wp\/v2\/comments?post=421"}],"version-history":[{"count":10,"href":"https:\/\/marbo-bled.si\/wordpress\/wp-json\/wp\/v2\/pages\/421\/revisions"}],"predecessor-version":[{"id":463,"href":"https:\/\/marbo-bled.si\/wordpress\/wp-json\/wp\/v2\/pages\/421\/revisions\/463"}],"wp:attachment":[{"href":"https:\/\/marbo-bled.si\/wordpress\/wp-json\/wp\/v2\/media?parent=421"}],"curies":[{"name":"wp","href":"https:\/\/api.w.org\/{rel}","templated":true}]}}